{"id":166,"date":"2025-12-08T10:06:47","date_gmt":"2025-12-08T10:06:47","guid":{"rendered":"https:\/\/bkscinema.fi\/?page_id=166"},"modified":"2026-04-10T12:26:12","modified_gmt":"2026-04-10T12:26:12","slug":"bks-releases-2","status":"publish","type":"page","link":"https:\/\/bkscinema.fi\/index.php\/bks-releases-2\/","title":{"rendered":"BKS Releases #2"},"content":{"rendered":"\n<figure class=\"wp-block-image size-full is-resized\"><img loading=\"lazy\" decoding=\"async\" width=\"842\" height=\"1191\" src=\"https:\/\/bkscinema.fi\/wp-content\/uploads\/2025\/12\/BKS-K25-Poster.jpg\" alt=\"\" class=\"wp-image-167\" style=\"width:383px;height:auto\" srcset=\"https:\/\/bkscinema.fi\/wp-content\/uploads\/2025\/12\/BKS-K25-Poster.jpg 842w, https:\/\/bkscinema.fi\/wp-content\/uploads\/2025\/12\/BKS-K25-Poster-212x300.jpg 212w, https:\/\/bkscinema.fi\/wp-content\/uploads\/2025\/12\/BKS-K25-Poster-724x1024.jpg 724w, https:\/\/bkscinema.fi\/wp-content\/uploads\/2025\/12\/BKS-K25-Poster-768x1086.jpg 768w\" sizes=\"auto, (max-width: 842px) 100vw, 842px\" \/><\/figure>\n\n\n\n<p>Kontinental &#8217;25<br>directed by Radu Jude<br>elokuvateattereissa \/ in cinemas 16.01.2026<br>Eken\u00e4s Film Festival 2026<\/p>\n\n\n\n<figure class=\"wp-block-image size-large is-resized\"><img loading=\"lazy\" decoding=\"async\" width=\"1024\" height=\"320\" src=\"https:\/\/bkscinema.fi\/wp-content\/uploads\/2026\/04\/EU-flag-Crea-EU-MEDIA-FI-1024x320.png\" alt=\"\" class=\"wp-image-240\" style=\"width:167px;height:auto\" srcset=\"https:\/\/bkscinema.fi\/wp-content\/uploads\/2026\/04\/EU-flag-Crea-EU-MEDIA-FI-1024x320.png 1024w, https:\/\/bkscinema.fi\/wp-content\/uploads\/2026\/04\/EU-flag-Crea-EU-MEDIA-FI-300x94.png 300w, https:\/\/bkscinema.fi\/wp-content\/uploads\/2026\/04\/EU-flag-Crea-EU-MEDIA-FI-768x240.png 768w, https:\/\/bkscinema.fi\/wp-content\/uploads\/2026\/04\/EU-flag-Crea-EU-MEDIA-FI-1536x480.png 1536w, https:\/\/bkscinema.fi\/wp-content\/uploads\/2026\/04\/EU-flag-Crea-EU-MEDIA-FI-2048x639.png 2048w\" sizes=\"auto, (max-width: 1024px) 100vw, 1024px\" \/><\/figure>\n\n\n\n<p>Transilvanian p\u00e4\u00e4kaupungissa Cluj-Napocassa Orsolya ty\u00f6skentelee ulosottomiehen\u00e4. Er\u00e4\u00e4n\u00e4 p\u00e4iv\u00e4n\u00e4 h\u00e4nen on h\u00e4\u00e4dett\u00e4v\u00e4 koditon mies kellarista, mik\u00e4 johtaa katastrofaalisiin seurauksiin ja her\u00e4tt\u00e4\u00e4 moraalisen ongelman, jonka Orsolya joutuu ratkaisemaan.<br><br>Mestariohjaaja\u00a0<strong>Radu Jude<\/strong>n uusin elokuva palkittiin Berliinin elokuvajuhlilla parhaasta k\u00e4sikirjoituksesta.<\/p>\n\n\n\n<p><a href=\"https:\/\/voima.fi\/arvio\/romanialaisen-radu-juden-elokuva-kysyy-onko-maailmassa-sijaa-aidolle-empatialle\/\">Voima<\/a> \u2605\u2605\u2605\u2605\u2605 <br><a href=\"https:\/\/www.hs.fi\/taide\/art-2000011745442.html\" data-type=\"link\" data-id=\"https:\/\/www.hs.fi\/taide\/art-2000011745442.html\">Helsingin Sanomat<\/a> \u2605\u2605\u2605\u2605<br><a href=\"https:\/\/www.ts.fi\/kulttuuri\/6874333\">Turun Sanomat<\/a> \u2605\u2605\u2605\u2605<br><a href=\"https:\/\/kulttuuritoimitus.fi\/kritiikit\/kritiikit-elokuva\/mita-on-syyllisyys-kysyy-radu-jude-elokuvassaan-kontinental-25\/\">Kulttuuritoimitus<\/a> \u2605\u2605\u2605\u2605<br><a href=\"https:\/\/demokraatti.fi\/arvio-resuisen-miehen-pahainen-kuolema-kaynnistaa-keskiluokkaisen-naisen-moraalisen-kriisin\">Demokraatti <\/a>\u2605\u2605\u2605\u2605<br><a href=\"https:\/\/www.leffanurkka.fi\/ensi-illassa-talla-viikolla-kontinental-25\/\">Leffanurkka <\/a>\u2605\u2605\u2605\u2605<br><a href=\"https:\/\/www.hbl.fi\/2026-01-16\/i-rumanien-ar-inget-som-forut\/\">HBL<\/a> \u2605\u2605\u2605<br><a href=\"https:\/\/kuvakarju.fanlink.tv\/kontinental25?media_id=3810050881870456936_66862299932&amp;media_author_id=66862299932&amp;ranking_info_token=GCBkZDFiNmEwYzg0ZmY0YzE1YjUwYzVlODhmMTgyNTMzYyWcmsMFJsbJxZYNGBMzODEwMDUwODgxODcwNDU2OTM2KANydmEA&amp;utm_source=ig_text_feed_timeline\">Kuvakarju<\/a><\/p>\n\n\n\n<p>&#8220;<em>Kontinental \u201825<\/em>&nbsp;on eurooppalaista nykyelokuvaa parhaimmillaan&#8221; &#8211; Pertti Avola, Helsingin Sanomat<\/p>\n\n\n\n<p>\u201c<em>A new stroke of genius from an inexhaustible genius.<\/em>\u201d &#8211; Luis Mart\u00ednez, El Mundo<\/p>\n\n\n\n<p>&#8220;<em>Extraordinary.<\/em>&#8221; Guy Lodge, Variety<\/p>\n\n\n\n<p>&#8220;<em>A smart, scathing masterwork about our modern madness.<\/em>&#8221; Nick Schager, The Daily Beast<\/p>\n\n\n\n<p>Orsolya is a bailiff in Cluj, the main city in Transylvania. One day she must evict a homeless man who lives in the basement of a building. An unexpected event creates a moral crisis she tries to solve as best she can.<\/p>\n\n\n\n<p>The latest film from modern master filmmaker Radu Jude, winner of the Silver Bear for Best Screenplay at the Berlin Film Festival.<\/p>\n\n\n\n<p><strong>Home Entertainment Release exclusively on DVD 22.5.2025<\/strong><br>with an original commissioned essay by Otto Kylm\u00e4l\u00e4.<\/p>\n\n\n\n<p>Trailer:<\/p>\n\n\n\n<figure class=\"wp-block-video\"><video height=\"1080\" style=\"aspect-ratio: 1920 \/ 1080;\" width=\"1920\" controls src=\"https:\/\/bkscinema.fi\/wp-content\/uploads\/2026\/04\/Sequence-01.mp4\"><\/video><\/figure>\n\n\n\n<p><\/p>\n","protected":false},"excerpt":{"rendered":"<p>Kontinental &#8217;25directed by Radu Judeelokuvateattereissa \/ in cinemas 16.01.2026Eken\u00e4s Film Festival 2026 Transilvanian p\u00e4\u00e4kaupungissa Cluj-Napocassa Orsolya ty\u00f6skentelee ulosottomiehen\u00e4. Er\u00e4\u00e4n\u00e4 p\u00e4iv\u00e4n\u00e4 h\u00e4nen on h\u00e4\u00e4dett\u00e4v\u00e4 koditon mies kellarista, mik\u00e4 johtaa katastrofaalisiin seurauksiin ja her\u00e4tt\u00e4\u00e4 moraalisen ongelman, jonka Orsolya joutuu ratkaisemaan. Mestariohjaaja\u00a0Radu Juden uusin elokuva palkittiin Berliinin elokuvajuhlilla parhaasta k\u00e4sikirjoituksesta. Voima \u2605\u2605\u2605\u2605\u2605 Helsingin Sanomat \u2605\u2605\u2605\u2605Turun Sanomat \u2605\u2605\u2605\u2605Kulttuuritoimitus \u2605\u2605\u2605\u2605Demokraatti &#8230; <a title=\"BKS Releases #2\" class=\"read-more\" href=\"https:\/\/bkscinema.fi\/index.php\/bks-releases-2\/\" aria-label=\"Read more about BKS Releases #2\">Read more<\/a><\/p>\n","protected":false},"author":1,"featured_media":0,"parent":0,"menu_order":0,"comment_status":"closed","ping_status":"closed","template":"","meta":{"footnotes":""},"class_list":["post-166","page","type-page","status-publish"],"_links":{"self":[{"href":"https:\/\/bkscinema.fi\/index.php\/wp-json\/wp\/v2\/pages\/166","targetHints":{"allow":["GET"]}}],"collection":[{"href":"https:\/\/bkscinema.fi\/index.php\/wp-json\/wp\/v2\/pages"}],"about":[{"href":"https:\/\/bkscinema.fi\/index.php\/wp-json\/wp\/v2\/types\/page"}],"author":[{"embeddable":true,"href":"https:\/\/bkscinema.fi\/index.php\/wp-json\/wp\/v2\/users\/1"}],"replies":[{"embeddable":true,"href":"https:\/\/bkscinema.fi\/index.php\/wp-json\/wp\/v2\/comments?post=166"}],"version-history":[{"count":15,"href":"https:\/\/bkscinema.fi\/index.php\/wp-json\/wp\/v2\/pages\/166\/revisions"}],"predecessor-version":[{"id":248,"href":"https:\/\/bkscinema.fi\/index.php\/wp-json\/wp\/v2\/pages\/166\/revisions\/248"}],"wp:attachment":[{"href":"https:\/\/bkscinema.fi\/index.php\/wp-json\/wp\/v2\/media?parent=166"}],"curies":[{"name":"wp","href":"https:\/\/api.w.org\/{rel}","templated":true}]}}